{"id":248,"date":"2016-09-24T08:56:36","date_gmt":"2016-09-24T08:56:36","guid":{"rendered":"http:\/\/hevensen-online.de\/?page_id=248"},"modified":"2016-09-27T09:45:24","modified_gmt":"2016-09-27T09:45:24","slug":"hevenser-drachenfest-immer-ein-familientag","status":"publish","type":"page","link":"https:\/\/hevensen-online.de\/?page_id=248","title":{"rendered":"Hevenser Drachenfest &#8211; immer ein Familientag"},"content":{"rendered":"<p id=\"primary\" class=\"site-content\">So dreht sich auch in diesem Jahr am 03. Oktober wieder alles um bunte Drachen. Bei hoffentlich windigem Wetter k\u00f6nnen alle kleinen und gro\u00dfen Drachenfreunde bereits ab 11:00 Uhr ihre Flugk\u00f6rper bis zu einer H\u00f6he von 300 Metern steigen lassen. Die Veranstalter haben daf\u00fcr eigens eine Fluggenehmigung beantragt.<\/p>\n<h2 class=\"site-content\">Drachenfest ist Familienfest<\/h2>\n<p class=\"site-content\">Auf dem etwa 14.000 qm gro\u00dfen Gel\u00e4nde hinter dem Dorfgemeinschaftshaus k\u00f6nnen die Drachen in die Luft gehen. Dabei spielt es keine Rolle ob diese gro\u00df, klein, selbst gebastelt oder gekauft sind. Profis oder Anf\u00e4nger. Erlaubt ist was fliegt. Unterst\u00fctzt wird das Hevenser Drachenfest von Mitgliedern des Drachenclubs Paderborn. Auch diesmal wird die Crew um Tobi Gefe einige sehenswerte Drachen dabei haben. Allerdings: Alles h\u00e4ngt von den Windverh\u00e4ltnissen ab.<\/p>\n<p class=\"site-content\">Aktionen f\u00fcr Kinder wie Kinder schminken, Pony reiten laden zu viel Spa\u00df ein. Auch der Verein \u201eAktiv f\u00fcr Hunde in Not\u201c ist wieder aktiv dabei und bietet neben leckeren Cr\u00eape eine Tombola an. Nat\u00fcrlich gibt es auch etwas f\u00fcr das leibliche Wohl. Dabei d\u00fcrfen die Klassiker Pommes und Bratwurst nicht fehlen. Alle Getr\u00e4nke kosten nur 1,00 EUR. Am Nachmittag wartet wieder ein Kuchenbuffet mit vielen selbstgebackenen Kuchen auf alle G\u00e4ste. Aber vor allem soll der Tag viel Spa\u00df und Freude bringen und hoffentlich genug Wind blasen. Der Eintritt ist wie immer frei.<\/p>\n<div id=\"secondary\" class=\"widget-area\"><\/div>\n","protected":false},"excerpt":{"rendered":"<p>So dreht sich auch in diesem Jahr am 03. Oktober wieder alles um bunte Drachen. Bei hoffentlich windigem Wetter k\u00f6nnen[&#8230;]<\/p>\n","protected":false},"author":1,"featured_media":0,"parent":0,"menu_order":0,"comment_status":"closed","ping_status":"closed","template":"","meta":{"footnotes":""},"class_list":["post-248","page","type-page","status-publish","hentry"],"_links":{"self":[{"href":"https:\/\/hevensen-online.de\/index.php?rest_route=\/wp\/v2\/pages\/248","targetHints":{"allow":["GET"]}}],"collection":[{"href":"https:\/\/hevensen-online.de\/index.php?rest_route=\/wp\/v2\/pages"}],"about":[{"href":"https:\/\/hevensen-online.de\/index.php?rest_route=\/wp\/v2\/types\/page"}],"author":[{"embeddable":true,"href":"https:\/\/hevensen-online.de\/index.php?rest_route=\/wp\/v2\/users\/1"}],"replies":[{"embeddable":true,"href":"https:\/\/hevensen-online.de\/index.php?rest_route=%2Fwp%2Fv2%2Fcomments&post=248"}],"version-history":[{"count":3,"href":"https:\/\/hevensen-online.de\/index.php?rest_route=\/wp\/v2\/pages\/248\/revisions"}],"predecessor-version":[{"id":253,"href":"https:\/\/hevensen-online.de\/index.php?rest_route=\/wp\/v2\/pages\/248\/revisions\/253"}],"wp:attachment":[{"href":"https:\/\/hevensen-online.de\/index.php?rest_route=%2Fwp%2Fv2%2Fmedia&parent=248"}],"curies":[{"name":"wp","href":"https:\/\/api.w.org\/{rel}","templated":true}]}}