{"id":259,"date":"2017-01-17T19:53:10","date_gmt":"2017-01-17T19:53:10","guid":{"rendered":"http:\/\/hevensen-online.de\/?page_id=259"},"modified":"2017-01-17T19:53:10","modified_gmt":"2017-01-17T19:53:10","slug":"36-hevenser-fastnacht","status":"publish","type":"page","link":"https:\/\/hevensen-online.de\/?page_id=259","title":{"rendered":"36. Hevenser Fastnacht"},"content":{"rendered":"<p><img loading=\"lazy\" decoding=\"async\" class=\"aligncenter size-large wp-image-263\" src=\"https:\/\/hevensen-online.de\/wp-content\/uploads\/2017\/01\/IMG_3108-1024x683.jpg\" alt=\"\" width=\"625\" height=\"417\" srcset=\"https:\/\/hevensen-online.de\/wp-content\/uploads\/2017\/01\/IMG_3108-1024x683.jpg 1024w, https:\/\/hevensen-online.de\/wp-content\/uploads\/2017\/01\/IMG_3108-300x200.jpg 300w, https:\/\/hevensen-online.de\/wp-content\/uploads\/2017\/01\/IMG_3108-624x416.jpg 624w, https:\/\/hevensen-online.de\/wp-content\/uploads\/2017\/01\/IMG_3108.jpg 1500w\" sizes=\"auto, (max-width: 625px) 100vw, 625px\" \/><\/p>\n<p>Die Veranstalter hoffen auf trockenes Wetter und auf viele verkleidete Umzugsteilnehmer. Bereits um 14:00 Uhr geht\u2019s am \u00f6rtlichen Dorfgemeinschaftshaus los. Angef\u00fchrt wird der Umzug vom Musikzug Th\u00fcdinghausen. W\u00e4hrend des Umzugs sind alle Hevenser zu Wurst- und Schnapsspenden aufgerufen. Am Abend (Einlass 18:00 Uhr) sind alle zur traditionellen Vesper ins Dorfgemeinschaftshaus eingeladen.<em> \u201eDie gesammelte Wurst und der Schnaps kommen dann zum Verzehr auf den Tisch. Und damit die Kehle nicht ganz so trocken bleibt, gibt es ab 19:00 Uhr das eine oder andere Freibier!\u201c<\/em>, verspricht der Vereinsvorsitzende Torsten Henne.<\/p>\n<p>Wie schon in den Jahren zuvor haben sich die Hevenser angelehnt an das Motto wieder eine sch\u00f6ne Deko einfallen lassen. Auch ein kleines Rahmenprogramm wird es wieder geben. F\u00fcr die musikalische Unterhaltung sorgen auch am Abend die \u201eDie Th\u00fcdingh\u00e4user\u201c. Ein Kost\u00fcmzwang besteht auch diesmal nicht. Doch es w\u00e4re w\u00fcnschenswert, wenn viele G\u00e4ste mitmachen und die alte Zeit in Form ihres Outfits lebendig werden lassen. Das originellste Kost\u00fcm wird wieder pr\u00e4miert. Eintrittskarten im Vorverkauf f\u00fcr 10,00 EUR bei Wille Fricke (Hevenser Stra\u00dfe 2) und w\u00e4hrend des Umzugs. An der Abendkasse kostet die Karte 12,00 EUR.<\/p>\n<p>&nbsp;<\/p>\n<p>&nbsp;<\/p>\n<p>&nbsp;<\/p>\n<p>&nbsp;<\/p>\n<p>&nbsp;<\/p>\n","protected":false},"excerpt":{"rendered":"<p>Die Veranstalter hoffen auf trockenes Wetter und auf viele verkleidete Umzugsteilnehmer. Bereits um 14:00 Uhr geht\u2019s am \u00f6rtlichen Dorfgemeinschaftshaus los.[&#8230;]<\/p>\n","protected":false},"author":1,"featured_media":0,"parent":0,"menu_order":0,"comment_status":"closed","ping_status":"closed","template":"","meta":{"footnotes":""},"class_list":["post-259","page","type-page","status-publish","hentry"],"_links":{"self":[{"href":"https:\/\/hevensen-online.de\/index.php?rest_route=\/wp\/v2\/pages\/259","targetHints":{"allow":["GET"]}}],"collection":[{"href":"https:\/\/hevensen-online.de\/index.php?rest_route=\/wp\/v2\/pages"}],"about":[{"href":"https:\/\/hevensen-online.de\/index.php?rest_route=\/wp\/v2\/types\/page"}],"author":[{"embeddable":true,"href":"https:\/\/hevensen-online.de\/index.php?rest_route=\/wp\/v2\/users\/1"}],"replies":[{"embeddable":true,"href":"https:\/\/hevensen-online.de\/index.php?rest_route=%2Fwp%2Fv2%2Fcomments&post=259"}],"version-history":[{"count":2,"href":"https:\/\/hevensen-online.de\/index.php?rest_route=\/wp\/v2\/pages\/259\/revisions"}],"predecessor-version":[{"id":265,"href":"https:\/\/hevensen-online.de\/index.php?rest_route=\/wp\/v2\/pages\/259\/revisions\/265"}],"wp:attachment":[{"href":"https:\/\/hevensen-online.de\/index.php?rest_route=%2Fwp%2Fv2%2Fmedia&parent=259"}],"curies":[{"name":"wp","href":"https:\/\/api.w.org\/{rel}","templated":true}]}}