{"id":305,"date":"2017-06-03T11:48:29","date_gmt":"2017-06-03T11:48:29","guid":{"rendered":"http:\/\/hevensen-online.de\/?page_id=305"},"modified":"2017-06-07T12:38:51","modified_gmt":"2017-06-07T12:38:51","slug":"alt-hevensen","status":"publish","type":"page","link":"https:\/\/hevensen-online.de\/?page_id=305","title":{"rendered":"Alt-Hevensen"},"content":{"rendered":"<p>Auf dieser Seite pr\u00e4sentieren wir in K\u00fcrze anl\u00e4sslich des 40-j\u00e4hrigen Jubil\u00e4ums des Versch\u00f6nerungsverein Fotos und Presseberichte aus der j\u00fcngeren Geschichte unserer Ortschaft. Wir danken schon heute allen, die ihr privates Fotoarchiv f\u00fcr die Allgemeinheit ge\u00f6ffnet haben und viele sch\u00f6ne Bilder zur Verf\u00fcgung gestellt haben,<\/p>\n<p>Die ersten 10 Fotos stammen aus den 1950 oder 1960er Jahren. <a href=\"https:\/\/hevensen-online.de\/?page_id=309\">Fotogalerie<br \/>\n<\/a><\/p>\n<p>Die erste Bilder zeigen Teilnehmer\/innen des Festumzuges zur 1000-Jahr-Feier im Jahr 1978. <strong>Fotoserie<\/strong> <a href=\"https:\/\/hevensen-online.de\/?page_id=329\">Teil1<\/a>\u00a0| <a href=\"https:\/\/hevensen-online.de\/?page_id=355\">Teil 2<\/a><\/p>\n<p>&nbsp;<\/p>\n<p>&nbsp;<\/p>\n","protected":false},"excerpt":{"rendered":"<p>Auf dieser Seite pr\u00e4sentieren wir in K\u00fcrze anl\u00e4sslich des 40-j\u00e4hrigen Jubil\u00e4ums des Versch\u00f6nerungsverein Fotos und Presseberichte aus der j\u00fcngeren Geschichte[&#8230;]<\/p>\n","protected":false},"author":1,"featured_media":0,"parent":0,"menu_order":0,"comment_status":"closed","ping_status":"closed","template":"","meta":{"footnotes":""},"class_list":["post-305","page","type-page","status-publish","hentry"],"_links":{"self":[{"href":"https:\/\/hevensen-online.de\/index.php?rest_route=\/wp\/v2\/pages\/305","targetHints":{"allow":["GET"]}}],"collection":[{"href":"https:\/\/hevensen-online.de\/index.php?rest_route=\/wp\/v2\/pages"}],"about":[{"href":"https:\/\/hevensen-online.de\/index.php?rest_route=\/wp\/v2\/types\/page"}],"author":[{"embeddable":true,"href":"https:\/\/hevensen-online.de\/index.php?rest_route=\/wp\/v2\/users\/1"}],"replies":[{"embeddable":true,"href":"https:\/\/hevensen-online.de\/index.php?rest_route=%2Fwp%2Fv2%2Fcomments&post=305"}],"version-history":[{"count":6,"href":"https:\/\/hevensen-online.de\/index.php?rest_route=\/wp\/v2\/pages\/305\/revisions"}],"predecessor-version":[{"id":375,"href":"https:\/\/hevensen-online.de\/index.php?rest_route=\/wp\/v2\/pages\/305\/revisions\/375"}],"wp:attachment":[{"href":"https:\/\/hevensen-online.de\/index.php?rest_route=%2Fwp%2Fv2%2Fmedia&parent=305"}],"curies":[{"name":"wp","href":"https:\/\/api.w.org\/{rel}","templated":true}]}}