{"id":329,"date":"2017-06-05T16:16:52","date_gmt":"2017-06-05T16:16:52","guid":{"rendered":"http:\/\/hevensen-online.de\/?page_id=329"},"modified":"2017-06-07T12:41:25","modified_gmt":"2017-06-07T12:41:25","slug":"1000-jahre-hevensen-umzug-teil-1","status":"publish","type":"page","link":"https:\/\/hevensen-online.de\/?page_id=329","title":{"rendered":"1000 Jahre Hevensen | Umzug Teil 1"},"content":{"rendered":"<p>Der Festumzug zur 1000-Jahr-Feier 1978 stellte alles bisher da gewesene in den Schatten. Das kann man schon sagen. \u00dcber 2000 Menschen s\u00e4umten die Stra\u00dfen in Hevensen und Wolbrechtshausen, um den Historischen Festumzug zu sehen. Dieser spiegelte die 1000-j\u00e4hrige Geschichte der Ortschaft wider. Bemerkenswert war vor allem, dass kein Traktor bei diesem Umzug die Wagen zog. So brachten zahlreiche Pferde nur wenig &#8222;PS&#8220; auf die Stra\u00dfe. Einziges Motor getriebenes Fahrzeug war der Horch 853 der Familie Hartje.<\/p>\n<h6>(Hinweis: Personen, die ihre Darstellung auf Bilder dieser Galerie nicht w\u00fcnschen senden bitte eine kurze Nachricht an henne@hevensen-online.de. Das betreffende Foto wird dann umgehend gel\u00f6scht.)<\/h6>\n<div id='gallery-1' class='gallery galleryid-329 gallery-columns-3 gallery-size-thumbnail'><figure class='gallery-item'>\n\t\t\t<div class='gallery-icon landscape'>\n\t\t\t\t<a href='https:\/\/hevensen-online.de\/wp-content\/uploads\/2017\/06\/Bild014.jpg'><img loading=\"lazy\" decoding=\"async\" width=\"150\" height=\"150\" src=\"https:\/\/hevensen-online.de\/wp-content\/uploads\/2017\/06\/Bild014-150x150.jpg\" class=\"attachment-thumbnail size-thumbnail\" alt=\"\" \/><\/a>\n\t\t\t<\/div><\/figure><figure class='gallery-item'>\n\t\t\t<div class='gallery-icon landscape'>\n\t\t\t\t<a href='https:\/\/hevensen-online.de\/wp-content\/uploads\/2017\/06\/Bild13.jpg'><img loading=\"lazy\" decoding=\"async\" width=\"150\" height=\"150\" src=\"https:\/\/hevensen-online.de\/wp-content\/uploads\/2017\/06\/Bild13-150x150.jpg\" class=\"attachment-thumbnail size-thumbnail\" alt=\"\" \/><\/a>\n\t\t\t<\/div><\/figure><figure class='gallery-item'>\n\t\t\t<div class='gallery-icon landscape'>\n\t\t\t\t<a href='https:\/\/hevensen-online.de\/wp-content\/uploads\/2017\/06\/Bild12.jpg'><img loading=\"lazy\" decoding=\"async\" width=\"150\" height=\"150\" src=\"https:\/\/hevensen-online.de\/wp-content\/uploads\/2017\/06\/Bild12-150x150.jpg\" class=\"attachment-thumbnail size-thumbnail\" alt=\"\" \/><\/a>\n\t\t\t<\/div><\/figure><figure class='gallery-item'>\n\t\t\t<div class='gallery-icon landscape'>\n\t\t\t\t<a href='https:\/\/hevensen-online.de\/wp-content\/uploads\/2017\/06\/Bild11.jpg'><img loading=\"lazy\" decoding=\"async\" width=\"150\" height=\"150\" src=\"https:\/\/hevensen-online.de\/wp-content\/uploads\/2017\/06\/Bild11-150x150.jpg\" class=\"attachment-thumbnail size-thumbnail\" alt=\"\" \/><\/a>\n\t\t\t<\/div><\/figure><figure class='gallery-item'>\n\t\t\t<div class='gallery-icon landscape'>\n\t\t\t\t<a href='https:\/\/hevensen-online.de\/wp-content\/uploads\/2017\/06\/Bild10.jpg'><img loading=\"lazy\" decoding=\"async\" width=\"150\" height=\"150\" src=\"https:\/\/hevensen-online.de\/wp-content\/uploads\/2017\/06\/Bild10-150x150.jpg\" class=\"attachment-thumbnail size-thumbnail\" alt=\"\" \/><\/a>\n\t\t\t<\/div><\/figure><figure class='gallery-item'>\n\t\t\t<div class='gallery-icon landscape'>\n\t\t\t\t<a href='https:\/\/hevensen-online.de\/wp-content\/uploads\/2017\/06\/Bild09.jpg'><img loading=\"lazy\" decoding=\"async\" width=\"150\" height=\"150\" src=\"https:\/\/hevensen-online.de\/wp-content\/uploads\/2017\/06\/Bild09-150x150.jpg\" class=\"attachment-thumbnail size-thumbnail\" alt=\"\" \/><\/a>\n\t\t\t<\/div><\/figure><figure class='gallery-item'>\n\t\t\t<div class='gallery-icon landscape'>\n\t\t\t\t<a href='https:\/\/hevensen-online.de\/wp-content\/uploads\/2017\/06\/Bild08.jpg'><img loading=\"lazy\" decoding=\"async\" width=\"150\" height=\"150\" src=\"https:\/\/hevensen-online.de\/wp-content\/uploads\/2017\/06\/Bild08-150x150.jpg\" class=\"attachment-thumbnail size-thumbnail\" alt=\"\" \/><\/a>\n\t\t\t<\/div><\/figure><figure class='gallery-item'>\n\t\t\t<div class='gallery-icon landscape'>\n\t\t\t\t<a href='https:\/\/hevensen-online.de\/wp-content\/uploads\/2017\/06\/Bild01.jpg'><img loading=\"lazy\" decoding=\"async\" width=\"150\" height=\"150\" src=\"https:\/\/hevensen-online.de\/wp-content\/uploads\/2017\/06\/Bild01-150x150.jpg\" class=\"attachment-thumbnail size-thumbnail\" alt=\"\" \/><\/a>\n\t\t\t<\/div><\/figure><figure class='gallery-item'>\n\t\t\t<div class='gallery-icon landscape'>\n\t\t\t\t<a href='https:\/\/hevensen-online.de\/wp-content\/uploads\/2017\/06\/Bild02.jpg'><img loading=\"lazy\" decoding=\"async\" width=\"150\" height=\"150\" src=\"https:\/\/hevensen-online.de\/wp-content\/uploads\/2017\/06\/Bild02-150x150.jpg\" class=\"attachment-thumbnail size-thumbnail\" alt=\"\" \/><\/a>\n\t\t\t<\/div><\/figure><figure class='gallery-item'>\n\t\t\t<div class='gallery-icon landscape'>\n\t\t\t\t<a href='https:\/\/hevensen-online.de\/wp-content\/uploads\/2017\/06\/Bild03.jpg'><img loading=\"lazy\" decoding=\"async\" width=\"150\" height=\"150\" src=\"https:\/\/hevensen-online.de\/wp-content\/uploads\/2017\/06\/Bild03-150x150.jpg\" class=\"attachment-thumbnail size-thumbnail\" alt=\"\" \/><\/a>\n\t\t\t<\/div><\/figure><figure class='gallery-item'>\n\t\t\t<div class='gallery-icon landscape'>\n\t\t\t\t<a href='https:\/\/hevensen-online.de\/wp-content\/uploads\/2017\/06\/Bild04.jpg'><img loading=\"lazy\" decoding=\"async\" width=\"150\" height=\"150\" src=\"https:\/\/hevensen-online.de\/wp-content\/uploads\/2017\/06\/Bild04-150x150.jpg\" class=\"attachment-thumbnail size-thumbnail\" alt=\"\" \/><\/a>\n\t\t\t<\/div><\/figure><figure class='gallery-item'>\n\t\t\t<div class='gallery-icon landscape'>\n\t\t\t\t<a href='https:\/\/hevensen-online.de\/wp-content\/uploads\/2017\/06\/Bild05.jpg'><img loading=\"lazy\" decoding=\"async\" width=\"150\" height=\"150\" src=\"https:\/\/hevensen-online.de\/wp-content\/uploads\/2017\/06\/Bild05-150x150.jpg\" class=\"attachment-thumbnail size-thumbnail\" alt=\"\" \/><\/a>\n\t\t\t<\/div><\/figure><figure class='gallery-item'>\n\t\t\t<div class='gallery-icon landscape'>\n\t\t\t\t<a href='https:\/\/hevensen-online.de\/wp-content\/uploads\/2017\/06\/Bild06.jpg'><img loading=\"lazy\" decoding=\"async\" width=\"150\" height=\"150\" src=\"https:\/\/hevensen-online.de\/wp-content\/uploads\/2017\/06\/Bild06-150x150.jpg\" class=\"attachment-thumbnail size-thumbnail\" alt=\"\" \/><\/a>\n\t\t\t<\/div><\/figure><figure class='gallery-item'>\n\t\t\t<div class='gallery-icon landscape'>\n\t\t\t\t<a href='https:\/\/hevensen-online.de\/wp-content\/uploads\/2017\/06\/Bild07.jpg'><img loading=\"lazy\" decoding=\"async\" width=\"150\" height=\"150\" src=\"https:\/\/hevensen-online.de\/wp-content\/uploads\/2017\/06\/Bild07-150x150.jpg\" class=\"attachment-thumbnail size-thumbnail\" alt=\"\" \/><\/a>\n\t\t\t<\/div><\/figure>\n\t\t<\/div>\n\n","protected":false},"excerpt":{"rendered":"<p>Der Festumzug zur 1000-Jahr-Feier 1978 stellte alles bisher da gewesene in den Schatten. Das kann man schon sagen. \u00dcber 2000[&#8230;]<\/p>\n","protected":false},"author":1,"featured_media":0,"parent":0,"menu_order":0,"comment_status":"closed","ping_status":"closed","template":"","meta":{"footnotes":""},"class_list":["post-329","page","type-page","status-publish","hentry"],"_links":{"self":[{"href":"https:\/\/hevensen-online.de\/index.php?rest_route=\/wp\/v2\/pages\/329","targetHints":{"allow":["GET"]}}],"collection":[{"href":"https:\/\/hevensen-online.de\/index.php?rest_route=\/wp\/v2\/pages"}],"about":[{"href":"https:\/\/hevensen-online.de\/index.php?rest_route=\/wp\/v2\/types\/page"}],"author":[{"embeddable":true,"href":"https:\/\/hevensen-online.de\/index.php?rest_route=\/wp\/v2\/users\/1"}],"replies":[{"embeddable":true,"href":"https:\/\/hevensen-online.de\/index.php?rest_route=%2Fwp%2Fv2%2Fcomments&post=329"}],"version-history":[{"count":9,"href":"https:\/\/hevensen-online.de\/index.php?rest_route=\/wp\/v2\/pages\/329\/revisions"}],"predecessor-version":[{"id":378,"href":"https:\/\/hevensen-online.de\/index.php?rest_route=\/wp\/v2\/pages\/329\/revisions\/378"}],"wp:attachment":[{"href":"https:\/\/hevensen-online.de\/index.php?rest_route=%2Fwp%2Fv2%2Fmedia&parent=329"}],"curies":[{"name":"wp","href":"https:\/\/api.w.org\/{rel}","templated":true}]}}