{"id":456,"date":"2018-07-01T14:41:51","date_gmt":"2018-07-01T14:41:51","guid":{"rendered":"http:\/\/hevensen-online.de\/?page_id=456"},"modified":"2018-07-01T14:51:49","modified_gmt":"2018-07-01T14:51:49","slug":"party-spitzensoftball-in-hevensen","status":"publish","type":"page","link":"https:\/\/hevensen-online.de\/?page_id=456","title":{"rendered":"Party &#038; Spitzensoftball in Hevensen"},"content":{"rendered":"<p><span style=\"font-family: verdana, geneva, sans-serif;\">Vom 13. bis 15 \u00a0Juli findet im Karl Hartje Ballpark \u00a0das 28. Sommerturnier der Hevensen Pioneers statt. Zehn Mixed Softballteams , u. a. aus \u00a0Frankfurt, M\u00fcnster \u00a0und Paderborn gehen an den Start. Erfreut sind die Veranstalter \u00fcber die wiederholte Teilnahme zweier internationaler Teams aus der Schweiz und aus den Niederlanden. Als Cup Verteidiger treten die Soest Tita-Nics an, die im letzten Jahr die LSG Frankfurt im Finale besiegten. Am Samstag laden die Pioneers die Spielerinnen und Spieler, sowie alle Partyfans zur Moonlight Open-Air Party ein.<\/span><\/p>\n<figure id=\"attachment_454\" aria-describedby=\"caption-attachment-454\" style=\"width: 900px\" class=\"wp-caption alignnone\"><img loading=\"lazy\" decoding=\"async\" class=\"wp-image-454 size-full\" src=\"https:\/\/hevensen-online.de\/wp-content\/uploads\/2018\/07\/2017_Finale_web.jpg\" alt=\"\" width=\"900\" height=\"600\" srcset=\"https:\/\/hevensen-online.de\/wp-content\/uploads\/2018\/07\/2017_Finale_web.jpg 900w, https:\/\/hevensen-online.de\/wp-content\/uploads\/2018\/07\/2017_Finale_web-300x200.jpg 300w, https:\/\/hevensen-online.de\/wp-content\/uploads\/2018\/07\/2017_Finale_web-840x560.jpg 840w, https:\/\/hevensen-online.de\/wp-content\/uploads\/2018\/07\/2017_Finale_web-120x80.jpg 120w, https:\/\/hevensen-online.de\/wp-content\/uploads\/2018\/07\/2017_Finale_web-360x240.jpg 360w, https:\/\/hevensen-online.de\/wp-content\/uploads\/2018\/07\/2017_Finale_web-600x400.jpg 600w\" sizes=\"auto, (max-width: 900px) 100vw, 900px\" \/><figcaption id=\"caption-attachment-454\" class=\"wp-caption-text\">Standen sich im Finale 2017 gegen\u00fcber: Soest und Frankfurt.<\/figcaption><\/figure>\n<p><span style=\"font-family: verdana, geneva, sans-serif; font-size: 14pt;\"><strong>Vorrunde am Samstag &#8211; Hauptrunde am Sonntag<\/strong><\/span><\/p>\n<p><span style=\"font-family: verdana, geneva, sans-serif; font-size: 12pt;\">Das Teilnehmerfeld ist\u00a0 in zwei Gruppen \u00e1 5 Teams eingeteilt. Der Spielplan umfasst in diesem 29 Partien. Die beiden Erstplatzierten jeder Gruppe ziehen ins Halbfinale ein. Die Pl\u00e4tze drei bis f\u00fcnf treten am Sonntag in einer Trostrunde an. Die Vorrunde wird p\u00fcnktlich um 09:00 Uhr gestartet. Gespielt wird wieder auf zwei eigens daf\u00fcr hergerichteten Spielfeldern.<\/span><\/p>\n<p><span style=\"font-family: verdana, geneva, sans-serif; font-size: 14pt;\"><strong>\u00a0<\/strong><strong>Spitzensoftball am Sonntag<\/strong><\/span><\/p>\n<p><span style=\"font-size: 12pt; font-family: verdana, geneva, sans-serif;\">Am Sonntag d\u00fcrfen sich alle Baseball- und Softballfreunde wieder auf Ballsport vom Feinsten freuen. Ab 10:00 Uhr wird auf den beiden Pl\u00e4tzen wieder gespielt. Die Halbfinalspiele beginnen gegen 11:30 Uhr. Schon das Halbfinale ist jedes Jahr ein sportlicher Leckerbissen. Softball ist auch f\u00fcr weniger Informierte Zuschauer interessant anzusehen. Denn im Gegensatz zum Baseball gibt es beim Softball viel mehr Kontakte zwischen Schl\u00e4ger und Ball. Das Finale um den knapp 90cm hohen Warsteiner Cup beginnt gegen 15:30 Uhr. Die Vorjahresfinalisten aus Frankfurt und Soest haben auf jeden Fall starke Konkurrenz. Es darf mit einem spannenden Turnier gerechnet werden. Der Eintritt zu den Spielen ist frei. F\u00fcr das leibliche Wohl ist bestens gesorgt.\u00a0<\/span><strong><em>I<\/em><\/strong><strong><em>nfos: www.pioneers-summerfun.de<\/em><\/strong><\/p>\n<p><span style=\"font-family: verdana, geneva, sans-serif; font-size: 14pt;\"><strong>Moonlight-Party am Samstag<\/strong><\/span><\/p>\n<p><span style=\"font-family: verdana, geneva, sans-serif; font-size: 12pt;\">Die Pioneers setzen zur diesj\u00e4hrigen Moonlight-Party auf das erfolgreiche Format des Vorjahres. Livemusik kombiniert mit einem DJ. Dazu wird man im Park des Dorfgemeinschaftshauses wieder f\u00fcr ein sommerliches Partyambiente sorgen. Ein riesen Segel vor der B\u00fchne sowie Partyzelte werden f\u00fcr das richtige Open-Air-Flair sorgen.<\/span><\/p>\n<figure id=\"attachment_459\" aria-describedby=\"caption-attachment-459\" style=\"width: 900px\" class=\"wp-caption alignleft\"><a href=\"https:\/\/hevensen-online.de\/wp-content\/uploads\/2018\/07\/partyweb.jpg\"><img loading=\"lazy\" decoding=\"async\" class=\"wp-image-459 size-full\" src=\"https:\/\/hevensen-online.de\/wp-content\/uploads\/2018\/07\/partyweb.jpg\" alt=\"\" width=\"900\" height=\"600\" srcset=\"https:\/\/hevensen-online.de\/wp-content\/uploads\/2018\/07\/partyweb.jpg 900w, https:\/\/hevensen-online.de\/wp-content\/uploads\/2018\/07\/partyweb-300x200.jpg 300w, https:\/\/hevensen-online.de\/wp-content\/uploads\/2018\/07\/partyweb-840x560.jpg 840w, https:\/\/hevensen-online.de\/wp-content\/uploads\/2018\/07\/partyweb-120x80.jpg 120w, https:\/\/hevensen-online.de\/wp-content\/uploads\/2018\/07\/partyweb-360x240.jpg 360w, https:\/\/hevensen-online.de\/wp-content\/uploads\/2018\/07\/partyweb-600x400.jpg 600w\" sizes=\"auto, (max-width: 900px) 100vw, 900px\" \/><\/a><figcaption id=\"caption-attachment-459\" class=\"wp-caption-text\">Tolle Stimmung &#8211; gute Musik und ein tolles Ambiente bei der Moonlightparty 2017.<\/figcaption><\/figure>\n<p><span style=\"font-size: 12pt; font-family: verdana, geneva, sans-serif;\">F\u00fcr den Liveauftritt konnten die Pioneers erneut Thumbs Up gewinnen. \u00a0<strong>Thumbs Up &#8211; das sind <\/strong>2 Akustik Gitarren, 2 S\u00e4nger, Pop-Rock Cover, Hits der 70s\/80s bis hin zu aktuellen Charts! So k\u00f6nnte man das charmant und fingerfertig vorgetragene Repertoire von Thumbs Up! treffend beschreiben. Die beiden Musiker kennen sich seit 30 Jahren und haben in dieser Zeit schon viele Auftritte zusammen gespielt. Godi hat\u00a016 Jahre als Frontman bei der Hit Radio Show gesungen und mit Pete u.a. mit der Band\u00a0Bluish! den FFN-Bandcontest New Sensation gewonnen.\u00a0Bereits im letzten Jahr standen die beiden auf der &#8222;Summerfun B\u00fchne&#8220; und begeisterten die G\u00e4ste. Im Anschluss an den Live-Auftritt wird DJ J\u00f6rg P\u00fcster den G\u00e4sten in bekannter Weise einheizen. Insgesamt hat man wieder ein Partyprogramm zusammengestellt, dass allen gerecht werden wird. Neben den \u00fcblichen Bieren aus Warstein bieten die Pioneers wieder leckere Cocktails und nat\u00fcrlich auch alkoholfreie Getr\u00e4nke an. Auch Pommes, Bratwurst, Steaks und Salate stehen zur Verf\u00fcgung.<\/span><\/p>\n<p><span style=\"font-family: verdana, geneva, sans-serif; font-size: 12pt;\"><strong>Karten gibt es ab 01. Juli f\u00fcr 8,00 EUR im Vorverkauf bei Heidi&#8217;s Haarstudio in Wolbrechtshausen, sowie bei Steffi Schneider, ebenfalls in Wolbrechtshausen. An der Abendkasse kostet der Eintritt 10,00 EUR. <\/strong><\/span><\/p>\n","protected":false},"excerpt":{"rendered":"<p>Vom 13. bis 15 \u00a0Juli findet im Karl Hartje Ballpark \u00a0das 28. Sommerturnier der Hevensen Pioneers statt. Zehn Mixed Softballteams[&#8230;]<\/p>\n","protected":false},"author":1,"featured_media":0,"parent":0,"menu_order":0,"comment_status":"closed","ping_status":"closed","template":"","meta":{"footnotes":""},"class_list":["post-456","page","type-page","status-publish","hentry"],"_links":{"self":[{"href":"https:\/\/hevensen-online.de\/index.php?rest_route=\/wp\/v2\/pages\/456","targetHints":{"allow":["GET"]}}],"collection":[{"href":"https:\/\/hevensen-online.de\/index.php?rest_route=\/wp\/v2\/pages"}],"about":[{"href":"https:\/\/hevensen-online.de\/index.php?rest_route=\/wp\/v2\/types\/page"}],"author":[{"embeddable":true,"href":"https:\/\/hevensen-online.de\/index.php?rest_route=\/wp\/v2\/users\/1"}],"replies":[{"embeddable":true,"href":"https:\/\/hevensen-online.de\/index.php?rest_route=%2Fwp%2Fv2%2Fcomments&post=456"}],"version-history":[{"count":3,"href":"https:\/\/hevensen-online.de\/index.php?rest_route=\/wp\/v2\/pages\/456\/revisions"}],"predecessor-version":[{"id":461,"href":"https:\/\/hevensen-online.de\/index.php?rest_route=\/wp\/v2\/pages\/456\/revisions\/461"}],"wp:attachment":[{"href":"https:\/\/hevensen-online.de\/index.php?rest_route=%2Fwp%2Fv2%2Fmedia&parent=456"}],"curies":[{"name":"wp","href":"https:\/\/api.w.org\/{rel}","templated":true}]}}