{"id":600,"date":"2019-03-11T20:33:50","date_gmt":"2019-03-11T20:33:50","guid":{"rendered":"http:\/\/hevensen-online.de\/?page_id=600"},"modified":"2019-03-11T20:34:23","modified_gmt":"2019-03-11T20:34:23","slug":"ehrung-und-abteilung-karneval","status":"publish","type":"page","link":"https:\/\/hevensen-online.de\/?page_id=600","title":{"rendered":"Ehrung und &#8222;Abteilung Karneval&#8220;"},"content":{"rendered":"<p><span style=\"font-family: verdana, geneva, sans-serif; font-size: 12pt;\">Am Samstag, 09.03. fand im Dorfgemeinschaftshaus Hevensen-Wolbrechtshausen die Hauptversammlung des Versch\u00f6nerungs- und Kulturvereins Hevensen statt. Am Jahrestreffen nahmen 32 Mitglieder teil. Der 1. Vorsitzende Torsten Henne blickte in seinem Bericht auf das Jahr 2018 zur\u00fcck. In diesem ging er besonders auf die Hevenser Fastnacht, den Umwelttag und auf den Herbstbrunch ein. Au\u00dferdem berichte er noch \u00fcber die Anschaffung eines massiven Holztisches am Thie. Der 2,60 mal 2,20 Meter gro\u00dfe Tisch wurde in Handarbeit von Uwe Gehlkopf erbaut und von Uwe Mesecke durch einen zweifachen Anstrich f\u00fcr jede Witterung fit gemacht.&#8220; Torsten Henne bedankte sich f\u00fcr die Arbeit der beiden.<\/span><\/p>\n<p><span style=\"font-family: verdana, geneva, sans-serif; font-size: 14pt;\"><strong>Mitgliederzahlen steigen langsam wieder<\/strong><\/span><\/p>\n<p><span style=\"font-family: verdana, geneva, sans-serif; font-size: 12pt;\">Der Verein z\u00e4hlt aktuell 109 Mitglieder. Torsten Henne konnte in der Versammlung gleich drei neue Mitglieder begr\u00fc\u00dfen. F\u00fcr 40-j\u00e4hrige Mitgliedschaft wurde Walter Sennhenn geehrt. Der Vorsitzende \u00fcberreichte ihm als Anerkennung eine Urkunde und zwei Mettw\u00fcrste. Voraus ging ein kurzer R\u00fcckblick auf das Wirken von Walter Sennhenn. Er war insgesamt 19 Jahre Vorsitzender\u00a0 und war damit ma\u00dfgeblich am Aufbau des Vereins und dessen positiven Entwicklung beteiligt. Walter Sennhenn gab das Lob aber gleich an seine damaligen Vorstandsmitglieder weiter. Sinngem\u00e4\u00df sagte er, dass er allein sicherlich nicht erfolgreich gewesen w\u00e4re.<\/span><\/p>\n<p><span style=\"font-family: verdana, geneva, sans-serif; font-size: 12pt;\">Dem Gesamtvorstand wurde nach Vorstellung des Kassenberichts durch Jens Beinhorn einstimmig Entlastung erteilt. Rege diskutiert wurde der Umwelttag. Immer weniger Mitglieder und Einwohner folgen dem Aufruf des Vereins. Aufgrund der Sperrung des Platzes durch die Stadtverwaltung im vergangenen Jahr fand im Fr\u00fchjahr 2018 keine Aufr\u00e4umaktion statt. Anfang September rief der Ortsrat zum Arbeitseinsatz auf. Die bis dahin gesperrten Spielger\u00e4te wurden an diesem Termin wieder hergerichtet, so dass kurz danach der Platz wieder in Betrieb genommen werden konnte. Ortsb\u00fcrgermeister Henning Ropeter dankte den Mitgliedern, die sich an dieser Aktion beteiligten. \u00a0Er k\u00fcndigte zudem an, dass im Laufe des Jahres der Aufbau eines Sandkastens und einer Turmrutsche geplant ist.<\/span><\/p>\n<p><strong><span style=\"font-family: verdana, geneva, sans-serif; font-size: 14pt;\">&#8222;Abteilung Karneval&#8220; gegr\u00fcndet.<\/span> \u00a0<\/strong><\/p>\n<p><span style=\"font-family: verdana, geneva, sans-serif; font-size: 12pt;\">Diskutiert wurde auch \u00fcber die Zukunft der Hevenser Fastnacht. Die diesj\u00e4hrige Fastnacht verlief sehr erfolgreich. Grundstein f\u00fcr den Erfolg war die gute Vorbereitung. Hier hatten sich zahlreiche Mitglieder und Freunde des Vereins eingebracht. So wurde der Wunsch nach Gr\u00fcndung einer &#8222;Karnevalsabteilung&#8220; ge\u00e4u\u00dfert. Der Vorstand erhofft sich dadurch neue Mitglieder gewinnen zu k\u00f6nnen. Torsten Henne stellte der Mitgliederversammlung die \u00dcberlegungen der Gruppe vor. Demnach soll es weiterhin eine Mischung aus der traditionellen Fastnacht und dem aktuell sehr beliebten Karneval geben. Die Gruppe will bereits im Fr\u00fcherbst mit der Organisation der 40. Hevenser Fastnacht beginnen. Die Fastnacht findet am 01.02.2020 statt. Die Mitgliederversammlung stimmte der Gr\u00fcndung einstimmig zu.<\/span><\/p>\n<p>&nbsp;<\/p>\n","protected":false},"excerpt":{"rendered":"<p>Am Samstag, 09.03. fand im Dorfgemeinschaftshaus Hevensen-Wolbrechtshausen die Hauptversammlung des Versch\u00f6nerungs- und Kulturvereins Hevensen statt. Am Jahrestreffen nahmen 32 Mitglieder[&#8230;]<\/p>\n","protected":false},"author":1,"featured_media":0,"parent":0,"menu_order":0,"comment_status":"closed","ping_status":"closed","template":"","meta":{"footnotes":""},"class_list":["post-600","page","type-page","status-publish","hentry"],"_links":{"self":[{"href":"https:\/\/hevensen-online.de\/index.php?rest_route=\/wp\/v2\/pages\/600","targetHints":{"allow":["GET"]}}],"collection":[{"href":"https:\/\/hevensen-online.de\/index.php?rest_route=\/wp\/v2\/pages"}],"about":[{"href":"https:\/\/hevensen-online.de\/index.php?rest_route=\/wp\/v2\/types\/page"}],"author":[{"embeddable":true,"href":"https:\/\/hevensen-online.de\/index.php?rest_route=\/wp\/v2\/users\/1"}],"replies":[{"embeddable":true,"href":"https:\/\/hevensen-online.de\/index.php?rest_route=%2Fwp%2Fv2%2Fcomments&post=600"}],"version-history":[{"count":1,"href":"https:\/\/hevensen-online.de\/index.php?rest_route=\/wp\/v2\/pages\/600\/revisions"}],"predecessor-version":[{"id":601,"href":"https:\/\/hevensen-online.de\/index.php?rest_route=\/wp\/v2\/pages\/600\/revisions\/601"}],"wp:attachment":[{"href":"https:\/\/hevensen-online.de\/index.php?rest_route=%2Fwp%2Fv2%2Fmedia&parent=600"}],"curies":[{"name":"wp","href":"https:\/\/api.w.org\/{rel}","templated":true}]}}