{"id":608,"date":"2019-04-19T08:31:55","date_gmt":"2019-04-19T08:31:55","guid":{"rendered":"http:\/\/hevensen-online.de\/?page_id=608"},"modified":"2019-04-19T08:31:55","modified_gmt":"2019-04-19T08:31:55","slug":"maibaumfest-2019","status":"publish","type":"page","link":"https:\/\/hevensen-online.de\/?page_id=608","title":{"rendered":"Maibaumfest 2019"},"content":{"rendered":"<p><span style=\"font-family: verdana, geneva, sans-serif; font-size: 12pt;\">Das diesj\u00e4hrige Maibaumfest in Hevensen findet wieder am 1. Mai statt. Die Hevenser Sozialdemokraten laden alle B\u00fcrgerinnen und B\u00fcrger herzlich zu diesem Traditionsfest ein. Das Fest beginnt um 11:00 Uhr mit einem Fr\u00fchschoppen. Der Maibaum wird gegen 13:30 Uhr aufgestellt. Der frische Maikranz wurde am Sonntag zuvor von Hand gebunden.<\/span><\/p>\n<p><a href=\"https:\/\/hevensen-online.de\/wp-content\/uploads\/2019\/04\/Titel_FB_Event.jpg\"><img loading=\"lazy\" decoding=\"async\" class=\"aligncenter size-full wp-image-609\" src=\"https:\/\/hevensen-online.de\/wp-content\/uploads\/2019\/04\/Titel_FB_Event.jpg\" alt=\"\" width=\"900\" height=\"600\" srcset=\"https:\/\/hevensen-online.de\/wp-content\/uploads\/2019\/04\/Titel_FB_Event.jpg 900w, https:\/\/hevensen-online.de\/wp-content\/uploads\/2019\/04\/Titel_FB_Event-300x200.jpg 300w, https:\/\/hevensen-online.de\/wp-content\/uploads\/2019\/04\/Titel_FB_Event-840x560.jpg 840w, https:\/\/hevensen-online.de\/wp-content\/uploads\/2019\/04\/Titel_FB_Event-120x80.jpg 120w, https:\/\/hevensen-online.de\/wp-content\/uploads\/2019\/04\/Titel_FB_Event-360x240.jpg 360w, https:\/\/hevensen-online.de\/wp-content\/uploads\/2019\/04\/Titel_FB_Event-600x400.jpg 600w\" sizes=\"auto, (max-width: 900px) 100vw, 900px\" \/><\/a><\/p>\n<p><span style=\"font-family: verdana, geneva, sans-serif; font-size: 12pt;\">Das Rondell am Thie wird sich am Maifeiertag wieder in einen gem\u00fctlichen Bier- und Kaffeegarten verwandeln. Neben frisch gezapftem Bier und anderen Getr\u00e4nken gibt es Gegrilltes und Pommes zu g\u00fcnstigen Preisen. Passend zum Maifeiertag und &#8222;solange der Vorrat reicht&#8220; wird ab Mittag wieder eine Erbsensumme angeboten. Die Kaffee- und Kuchentafel wird gegen 14:30 Uhr ge\u00f6ffnet. Die Hevenser Sozialdemokraten freuen sich auch \u00fcber ausw\u00e4rtige G\u00e4ste. Bei hoffentlich sch\u00f6nem Fr\u00fchlingswetter ist Hevensen auch f\u00fcr Radfahrer eine Rast wert. Das Fest findet im Ortskern von Hevensen am Thie statt. F\u00fcr Kinder gibt es ein Spielangebot.<\/span><\/p>\n","protected":false},"excerpt":{"rendered":"<p>Das diesj\u00e4hrige Maibaumfest in Hevensen findet wieder am 1. Mai statt. Die Hevenser Sozialdemokraten laden alle B\u00fcrgerinnen und B\u00fcrger herzlich[&#8230;]<\/p>\n","protected":false},"author":1,"featured_media":0,"parent":0,"menu_order":0,"comment_status":"closed","ping_status":"closed","template":"","meta":{"footnotes":""},"class_list":["post-608","page","type-page","status-publish","hentry"],"_links":{"self":[{"href":"https:\/\/hevensen-online.de\/index.php?rest_route=\/wp\/v2\/pages\/608","targetHints":{"allow":["GET"]}}],"collection":[{"href":"https:\/\/hevensen-online.de\/index.php?rest_route=\/wp\/v2\/pages"}],"about":[{"href":"https:\/\/hevensen-online.de\/index.php?rest_route=\/wp\/v2\/types\/page"}],"author":[{"embeddable":true,"href":"https:\/\/hevensen-online.de\/index.php?rest_route=\/wp\/v2\/users\/1"}],"replies":[{"embeddable":true,"href":"https:\/\/hevensen-online.de\/index.php?rest_route=%2Fwp%2Fv2%2Fcomments&post=608"}],"version-history":[{"count":1,"href":"https:\/\/hevensen-online.de\/index.php?rest_route=\/wp\/v2\/pages\/608\/revisions"}],"predecessor-version":[{"id":610,"href":"https:\/\/hevensen-online.de\/index.php?rest_route=\/wp\/v2\/pages\/608\/revisions\/610"}],"wp:attachment":[{"href":"https:\/\/hevensen-online.de\/index.php?rest_route=%2Fwp%2Fv2%2Fmedia&parent=608"}],"curies":[{"name":"wp","href":"https:\/\/api.w.org\/{rel}","templated":true}]}}